{"id":84,"date":"2020-10-26T14:28:20","date_gmt":"2020-10-26T13:28:20","guid":{"rendered":"https:\/\/xn--rechenschwche-therapie-94b.ch\/?page_id=84"},"modified":"2026-01-23T15:52:40","modified_gmt":"2026-01-23T14:52:40","slug":"kundenfeedbacks","status":"publish","type":"page","link":"https:\/\/www.rechenschwaeche-therapie.ch\/index.php\/kundenfeedbacks\/","title":{"rendered":"Kundenfeedbacks"},"content":{"rendered":"\n<p><em>Nach 3 Jahren Frust und Streit zu Hause sind wir \u00fcber eine Freundin auf Priska Berger aufmerksam geworden &#8211; und sind jede Woche neu dankbar! F\u00fcr unseren Sohn war die Vermittlung der Mathematik in der Schule schwer nachvollziehbar und so hat er sich die wildesten Rechenwege zurecht gelegt &#8211; mit Priska haben wir jetzt angefangen die Rechnungen nach dem immer gleichen System neu aufzugleisen und es stellen sich bereits die ersten Erfolge ein &#8211; unser Sohn erledigt die Mathehausaufgaben nun selbstst\u00e4ndig und fast (!) mit Freude. Er geht wirklich gerne zu Priska und sie schafft es ihn zu motivieren! Wir sind froh und dankbar um diesen neuen Frieden zuhause und diese Unterst\u00fctzung!<\/em><br><strong>K.P. Schlieren<\/strong><\/p>\n\n\n\n<p><em>Meine Tochter besucht die Mathematik-Therapie bei Priska Berger und f\u00fchlt sich dort sehr wohl. Priska arbeitet sehr strukturiert, einf\u00fchlsam und professionell. Sie erkl\u00e4rt die Inhalte klar und geht individuell auf die Bed\u00fcrfnisse meiner Tochter ein. Meine Tochter wird fachlich wie auch menschlich wunderbar begleitet und hat deutlich mehr Sicherheit in Mathematik gewonnen. Besonders sch\u00e4tze ich auch, dass ich nach jeder Stunde via Sprachnachricht einen kurzen Bericht dar\u00fcber erhalte, woran sie gearbeitet haben, sowie ein pers\u00f6nliches Feedback zum Verlauf der Lektion. So bin ich jederzeit gut informiert und f\u00fchle mich sehr abgeholt. Wir sind f\u00fcr diese wertvolle Unterst\u00fctzung sehr dankbar und k\u00f6nnen Priska Berger von Herzen weiterempfehlen.<\/em><br><strong>Patricia Stocker, Wettswil<\/strong><\/p>\n\n\n\n<p><em>Priska Berger hat das Mathewissen unserer Tochter systematisch analysiert und ihre L\u00fccken gezielt geschlossen. Ihre motivierende Art hat unserer Tochter Freude am Lernen gegeben. In weniger als einem Jahr erreichte sie einen soliden Mathematikstand und eine positive Einstellung zur Mathe.<\/em><br><strong>A.Z., Birmensdorf<\/strong><\/p>\n\n\n\n<p><em>Wir sind froh, in Priska eine wertvolle Unterst\u00fctzung f\u00fcr unser Kind (3. Klasse) gefunden zu haben! Priska ist fachlich \u00e4usserst kompetent und begegnet uns auf eine sehr freundliche, empathische und unterst\u00fctzende Art.<br>Besonders wertvoll ist f\u00fcr uns ihr fundiertes Fachwissen zum Thema Mathematikschw\u00e4che\/Dyskalkulie. In der Primarschule werden alle wichtigen Grundlagen gelegt, und Priska schafft es unglaublich gut, mit den richtigen p\u00e4dagogischen Methoden und viel Geduld unserem Kind den Frust zu nehmen. Sie erkennt genau, wo die L\u00fccken liegen und schliesst diese zielorientiert und spielerisch ohne das Kind zu \u00fcberfordern.<br>Zudem ist sie absolut zuverl\u00e4ssig und die Kommunikation klappt hervorragend. Dank ihrer Hilfe hat unser Kind wieder mehr Freude an der Mathematik gefunden und geht viel selbstbewusster in den Unterricht. Eine uneingeschr\u00e4nkte Empfehlung f\u00fcr alle Eltern, die eine herzliche und fachlich fundierte Unterst\u00fctzung f\u00fcr ihr Kind suchen!<\/em><br><strong>Familie S., Stallikon<\/strong><\/p>\n\n\n\n<p><em>Priska begleitet unsere Tochter seit Mai dieses Jahres und wir haben sehr positive Erfahrungen gemacht. Am wichtigsten finde ich, dass die Einstellung unserer Tochter bez\u00fcglich Mathematik viel positiver geworden ist. Sie traut sich viel mehr, zu versuchen, die Aufgaben zu l\u00f6sen, anstatt von vornherein zu sagen, dass sie einfach nicht gut in Mathe sei. Danke Priska!!<\/em><br><strong>Familie N., Wettswil<\/strong><\/p>\n\n\n\n<p><em>Durch eine gezielte Standortanalyse hat Priska die Wissensl\u00fccken unserer Tochter schnell erkannt und sie mit viel Einf\u00fchlungsverm\u00f6gen systematisch aufgearbeitet. Die Stunden bei ihr haben meiner Tochter nicht nur grosses Vergn\u00fcgen bereitet, sondern ihr auch ein ganz neues Zahlenverst\u00e4ndnis vermittelt und die Begeisterung f\u00fcr das Rechnen geweckt.<br>F\u00fcr mich als Mutter war es eine ungemeine Erleichterung zu sehen, wie der Lernprozess so positiv und stressfrei gestaltet wurde. Wir sind Priska f\u00fcr ihre wertvolle Unterst\u00fctzung zutiefst dankbar und k\u00f6nnen sie aus vollem Herzen weiterempfehlen.<\/em><br><strong>A. Thuy, Stallikon<\/strong><\/p>\n\n\n\n<p><em>Wir haben Priska im Rahmen einer internen Weiterbildung als ausgesprochen kompetente, engagierte und sympathische Fachperson kennengelernt.<\/em><br><em>Mit ihrem fundierten Wissen, ihrer Erfahrung als Lehrperson und Therapeutin sowie ihrer sp\u00fcrbaren Begeisterung f\u00fcr Mathematik und das Arbeiten mit Kindern hat sie uns sehr beeindruckt.<\/em> <em>Sie war top vorbereitet, klar in der Kommunikation und gleichzeitig pers\u00f6nlich sehr zugewandt \u2013 fachlich wie menschlich eine echte Bereicherung. Wir k\u00f6nnen sie als Dyskalkulietherapeutin und Referentin uneingeschr\u00e4nkt empfehlen.<\/em><br><strong>Praxis Laulima (Diagnostik, Psychotherapie und Lerncoaching), Z\u00fcrich, Mai 2025<\/strong><\/p>\n\n\n\n<p><em>Priska ist eine sehr engagierte Lehrerin. Meine Tochter geht sehr gerne zu ihr in den Mathe-Unterricht, sie kommt immer zufrieden zur\u00fcck und ihr Selbstbewusstsein betreffend Mathe hat sich auch verbessert. Sie ist nun viel \u00f6fter motiviert Matheaufgaben zu \u00fcben und zu verstehen.<\/em><br><strong>Cornelia Kutasi, Thalwil<\/strong><\/p>\n\n\n\n<p><em>Ich bin Primarlehrerin und gebe im Moment Nachhilfeunterricht zum Teil an Kindern mit einer Rechenschw\u00e4che. Deshalb habe ich mich f\u00fcr eine private Weiterbildung an Priska Berger gewandt. Priska hat mit ihren Inputs meine Erwartungen bei weitem \u00fcbertroffen. Sie hat ein sehr fundiertes, theoretisches Wissen. Gleichzeitig merkt man ihr an, dass sie jahrelange praktische Erfahrung mit&nbsp;Kindern hat, die eine Rechenschw\u00e4che haben.&nbsp;Ich habe f\u00fcr mich sehr wertvolle Tipps und Anregungen bekommen, die ich sofort in meinen Nachhilfestunden umsetzen kann. Ausserdem bin ich durch die Weiterbildung etwas achtsamer geworden worauf ich bei Kindern mit einer Rechenschw\u00e4che meinen Fokus legen muss und wie ich mir ein Bild \u00fcber ihren jeweiligen Lernstand machen kann. Auch bin ich extrem froh, um die professionellen Handouts, die mir Priska&nbsp;abgegeben hat. Ich kann eine Weiterbildung bei Priska w\u00e4rmstens weiterempfehlen.<\/em><br><strong>Laura Butto<\/strong><\/p>\n\n\n\n<p><em>Als unsere Tochter in der 6. Klasse angefangen hat zu sagen, dass sie halt zu dumm sei f\u00fcr Mathe, haben wir uns auf die Suche nach einer geeigneten Nachhilfe gemacht. \u00dcber eine befreundete Lehrerin sind wir auf Priska und ihr B\u00fcssli gestossen. Uns hat das mobile Konzept sofort angesprochen. Unsere Tochter hat innerhalb eines halben Jahres ihre L\u00fccken in Mathe aufarbeiten k\u00f6nnen. Mittlerweile ist Mathe sogar (neben Sport) ihr liebstes Fach geworden. Was uns besonders gefallen hat, ist die motivierende Art von Priska. Unsere Tochter ging immer sehr gerne ins B\u00fcssli und kam stets gut gelaunt und gest\u00e4rkt zur\u00fcck. Ihr Selbstbewusstsein hat einen riesigen Sprung gemacht und sie ist nun auch bestens vorbereitet auf den \u00dcbertritt in die Oberstufe.<\/em><br><strong>Familie N., Arni AG<\/strong><\/p>\n\n\n\n<p><em>Mathe war nicht das Lieblingsfach unserer Tochter. Wir Eltern haben immer wieder mit ihr ge\u00fcbt. Die Lern-Konstellation mit mir war nicht wirklich gl\u00fccklich; es kam immer wieder zu Stress und Streit. Das ist nat\u00fcrlich f\u00fcr die Mutter-Tochter-Beziehung nicht f\u00f6rderlich.&nbsp;&nbsp;<br>Mit Priska wurde das Mathe-Lernen f\u00fcr Lena (und f\u00fcr mich) stressfreier. Priska hat mit ihr erst eine Standortbestimmung gemacht und dann fokussiert die L\u00fccken aufgearbeitet. Wir haben nach fast jeder Lektion ein Feedback zu den Fortschritten erhalten. Das empfand ich als sehr gut.&nbsp; &nbsp;<br>Lena ist immer gerne zu Priska in den Bus lernen gegangen und kam jedes Mal &#8222;aufgestellt&#8220; zur\u00fcck. Priska unterrichtet mit sehr viel Einf\u00fchlungsverm\u00f6gen, Geduld und Zuwendung und motivierte Lena immer wieder. Wir sind sehr froh, dass Priska Lena auf dem Weg begleitet hat. Vielen Dank!&nbsp;<\/em><br><strong>Sonja Stamm, Wettswil<\/strong><\/p>\n\n\n\n<p><em>Priska begleitete unsere Tochter einige Monate. Nach einer Rechenstandsanalyse hatte Priska gezielt mit ihr begonnnen, die wackelnden Bausteine zu festigen. Schon nach kurzer Zeit konnten wir feststellen, dass sie sicherer wurde und auch mehr Spass daran hatte.&nbsp;<br>Priska war die perfekte Unterst\u00fctzung f\u00fcr unsere Tochter. Mit ihr machte Mathe \u00fcben einfach viel mehr Spass als mit uns Eltern ;-).<br>Herzlichen Dank, liebe Priska. Wir sind sehr dankbar f\u00fcr deine Hilfe.<\/em><br><strong>Familie G. aus Bonstetten<\/strong><\/p>\n\n\n\n<p><em>Unsere Tochter hat dank Priska Berger ihr Selbstvertrauen zur\u00fcckgewonnen und neue Motivation f\u00fcr das Fach Mathematik gesch\u00f6pft. Dank Priska&#8217;s positiver und einf\u00fchlsamer Art und Weise, hat sie es schnell verstanden, wie sie unserer Tochter bei ihren Rechenschwierigkeiten helfen kann. Lin geht sehr gerne in die Stunde zu Priska und f\u00fcr uns Eltern ist diese Unterst\u00fctzung eine grosse Entlastung. Auch bei Schwierigkeiten mit Lehrpersonen hat sie uns stets kompetent beraten. F\u00fcr Priska ist das Thema Mathematik und Rechenschw\u00e4che eine Herzensangelegenheit und das ist in ihren Lektionen klar sp\u00fcrbar. Wir k\u00f6nnen Priska Berger und ihre Angebot von Herzen weiter empfehlen!<\/em><br><strong>Familie Cavelti aus dem S\u00e4uliamt<\/strong><\/p>\n\n\n\n<p><em>Meine Tochter besucht die Mittelstufe und bekommt seit einiger Zeit Unterst\u00fctzung im Bereich Mathematik von Priska Berger. In einem sensibel gestalteten Unterricht kann meine Tochter positive Erfahrungen mit dem Lernstoff sammeln und damit ihr Selbstvertrauen in ihre F\u00e4higkeiten st\u00e4rken. Strategien werden zusammen erarbeitet und trainiert, so dass die Aufgaben mit zunehmender Selbstst\u00e4ndigkeit gel\u00f6st werden k\u00f6nnen. Neue Lerninhalte werden mit dem Vorwissen vernetzt und mit Beispielen aus dem Alltag begreiflich gemacht und somit nachhaltiger gefestigt. Dieser regelm\u00e4ssige Bezug zu der Erlebniswelt meiner Tochter, f\u00f6rdert ihr Verst\u00e4ndnis f\u00fcr Zahlen, Gr\u00f6ssen und den verschiedenen Rechenoperationen.<br>Die Lernbegleitung von Priska Berger \u00fcberzeugt mich durch einen systematischen und durchdachten Aufbau. Die zu Beginn durchgef\u00fchrte Standortbestimmung gibt Aufschluss \u00fcber den momentanen Lernstand. An diesem Lernstand wird angekn\u00fcpft und evtl. fehlendes Basiswissen aufgearbeitet und gefestigt. Durch genaues Beobachten w\u00e4hrend dem Unterricht, wird der Entwicklungs- bzw. Lernstand regelm\u00e4ssig erfasst und dementsprechend das F\u00f6rderkonzept immer wieder von Neuem dem Kind angepasst.<\/em><br><strong>E.Ramseier, Z\u00fcrich <br>Mutter und Primarlehrerin<\/strong><\/p>\n\n\n\n<p><em>Wir haben Priska kennengelernt als unsere Tochter in der zweiten Klasse war und schon sehr unter ihren Matheschwierigkeiten litt. Priska hat sie bis jetzt (3.Klasse) unterst\u00fctzt und wir merken, dass sie weniger leidet und sich schon grosse Fortschritte eingestellt haben. Sie geht so gerne zu Priska, sie hat noch nie gesagt sie wolle nicht gehen, das unterst\u00fctzt uns als ganze Familie.<\/em><br><strong>Familie W. aus Bonstetten<\/strong><\/p>\n\n\n\n<p>&#8222;<em>In den ersten drei Schuljahren musste unsere Tochter 3 Mal das Land sowie die Schule wechseln und hinzu kam eine Rechenschw\u00e4che. Aufgrund dessen fehlt ihr die Basis in der Mathematik und sie ist in der Schule mit dem aktuellen Schulstoff \u00fcberfordert. Durch einen Zufall kamen wir auf Priska und wir wollten das mit ihr testen. Priska hat schnell den Zugang zu unserer Tochter gefunden und obwohl sie Mathe hasst, macht sie Fortschritte und geht gerne zu Priska in den l\u00e4ssigen Lernbus. Wir k\u00f6nnen Priska sehr empfehlen!<\/em>&#8222;<br><strong>Familie Lichtsteiner, Wettswil<\/strong><\/p>\n\n\n\n<p>&#8222;<em>Unser Sohn Joel nimmt das Lerncoaching von Priska in der Mathematik in Anspruch. Aufgrund der von ihr gemachten Rechenstandsanalyse hat Priska schnell festgestellt, dass eine Matheschw\u00e4che vorliegt. Um diese aufzuarbeiten hat sie einen ad\u00e4quaten und zielorientierten F\u00f6rderplan erstellt und mit uns besprochen. Mit dieser Erkenntnis k\u00f6nnen wir Joel gezielter und auch entspannter zu Hause unterst\u00fctzen. Joel betrieb immer einen grossen Aufwand in der Mathi mit wenig Erfolg. In der Rechenschw\u00e4che-Therapie von Priska gelingt es durch systematischen Aufbau des mathematischen Verst\u00e4ndnisses diesen Frust zu durchbrechen und das Gef\u00fchl zu st\u00e4rken \u00abIch schaffe es\u00bb. Auch konnte dadurch bewirkt werden, dass in der Schule vermehrt R\u00fccksicht genommen wird auf die Schwierigkeiten von Joel. Wir Eltern sind begeistert und k\u00f6nnen die Rechenschw\u00e4che-Therapie herzlichst empfehlen.<\/em>&#8222;<br><strong>Familie Pritzlaff aus Birmensdorf<\/strong><\/p>\n\n\n\n<p>&#8222;<em>Priska hat unsere Tochter sehr liebenswert und effizient zum \u00dcbertritt in die Sekundarschule in Mathe unterst\u00fctzt. Der Umgang&nbsp;mit Zahlen f\u00e4llt unserer Tochter sehr schwer, aber Priska ging sehr gut auf die Bed\u00fcrfnisse von Lara-Joy ein und begleitete sie&nbsp;w\u00e4hrend einiger Zeit auf ihrem Weg in die Oberstufe. Sie f\u00fchlte sich sehr wohl und gut verstanden bei Priska und hatte Vertrauen&nbsp;in sie. Wir danken Priska herzlich f\u00fcr die gute Begleitung und Betreuung und k\u00f6nnen sie w\u00e4rmstens empfehlen!\u201c<br><\/em><strong>Familie Monstein, Wettswil<\/strong><\/p>\n\n\n\n<p><em>\u201eUnserer Tochter bereitet der Umgang mit Zahlen und allgemein die Mathematik grosse M\u00fche.<\/em><br><em>Dank Priska\u2019s jahrelanger Erfahrung auf dem Gebiet und dank ihrer F\u00e4higkeiten konnte sie bewirken, dass unsere Tochter in der Schule auf Dyskalkulie abgekl\u00e4rt werden konnte. Unsere Tochter wird nun in den n\u00e4chsten Monaten optimal und fachgerecht begleitet.<\/em><br><em>Die Kinder und ihre Bed\u00fcrfnisse werden bei Priska sehr ernst genommen. Wir k\u00f6nnen daher Priska sehr empfehlen.\u201c<\/em><br><em>DANKE Priska! \ud83d\ude42<\/em><br><strong>Familie Russo, Wettswil<\/strong><\/p>\n\n\n\n<div data-wp-interactive=\"core\/file\" class=\"wp-block-file\"><object data-wp-bind--hidden=\"!state.hasPdfPreview\" hidden class=\"wp-block-file__embed\" data=\"https:\/\/www.rechenschwaeche-therapie.ch\/wp-content\/uploads\/2022\/02\/Hospitum-angehende-Lerntherapeutin.pdf\" type=\"application\/pdf\" style=\"width:100%;height:600px\" aria-label=\"Einbettung von Bericht \u00fcber einen Unterrichtsbesuch bei mir von einer angehenden Lerntherapeutin.\"><\/object><a id=\"wp-block-file--media-2b92691f-32ec-469a-8bec-27ae485bddeb\" href=\"https:\/\/www.rechenschwaeche-therapie.ch\/wp-content\/uploads\/2022\/02\/Hospitum-angehende-Lerntherapeutin.pdf\">Bericht \u00fcber einen Unterrichtsbesuch bei mir von einer angehenden Lerntherapeutin<\/a><a href=\"https:\/\/www.rechenschwaeche-therapie.ch\/wp-content\/uploads\/2022\/02\/Hospitum-angehende-Lerntherapeutin.pdf\" class=\"wp-block-file__button wp-element-button\" download aria-describedby=\"wp-block-file--media-2b92691f-32ec-469a-8bec-27ae485bddeb\">Herunterladen<\/a><\/div>\n\n\n\n<p>\u201e<em>Priska Berger ist eine vorbildliche und wertsch\u00e4tzende Lehrerin mit einer positiven Grundhaltung. Sie f\u00fchrt die Klasse mit viel Ruhe, Empathie und Respekt. Sie gestaltet einen jederzeit zielorientierten, gut strukturierten und individualisierten Unterricht, in welchem die Sch\u00fclerInnen gef\u00f6rdert und gefordert werden. Sie legt grossen Wert auf eine angenehme, ruhige Lernatmosph\u00e4re und einen respektvollen Umgang. Wir danken Priska Berger f\u00fcr ihren grossen Einsatz zugunsten der Sch\u00fclerinnen und Sch\u00fcler.\u201c<\/em><br><strong>Gesamtw\u00fcrdigung Mitarbeiterbeurteilung 2019 Opfikon,<\/strong><br><strong>Beurteilungsstufe I: sehr gut (\u00dcbertrifft die Anforderungen)<\/strong><\/p>\n","protected":false},"excerpt":{"rendered":"<p>Nach 3 Jahren Frust und Streit zu Hause sind wir \u00fcber eine Freundin auf Priska Berger aufmerksam geworden &#8211; und sind jede Woche neu dankbar! F\u00fcr unseren Sohn war die Vermittlung der Mathematik in der Schule schwer nachvollziehbar und so hat er sich die wildesten Rechenwege zurecht gelegt &#8211; mit Priska haben wir jetzt angefangen [&hellip;]<\/p>\n","protected":false},"author":1,"featured_media":0,"parent":0,"menu_order":0,"comment_status":"closed","ping_status":"closed","template":"","meta":{"footnotes":""},"class_list":["post-84","page","type-page","status-publish","hentry"],"_links":{"self":[{"href":"https:\/\/www.rechenschwaeche-therapie.ch\/index.php\/wp-json\/wp\/v2\/pages\/84","targetHints":{"allow":["GET"]}}],"collection":[{"href":"https:\/\/www.rechenschwaeche-therapie.ch\/index.php\/wp-json\/wp\/v2\/pages"}],"about":[{"href":"https:\/\/www.rechenschwaeche-therapie.ch\/index.php\/wp-json\/wp\/v2\/types\/page"}],"author":[{"embeddable":true,"href":"https:\/\/www.rechenschwaeche-therapie.ch\/index.php\/wp-json\/wp\/v2\/users\/1"}],"replies":[{"embeddable":true,"href":"https:\/\/www.rechenschwaeche-therapie.ch\/index.php\/wp-json\/wp\/v2\/comments?post=84"}],"version-history":[{"count":18,"href":"https:\/\/www.rechenschwaeche-therapie.ch\/index.php\/wp-json\/wp\/v2\/pages\/84\/revisions"}],"predecessor-version":[{"id":402,"href":"https:\/\/www.rechenschwaeche-therapie.ch\/index.php\/wp-json\/wp\/v2\/pages\/84\/revisions\/402"}],"wp:attachment":[{"href":"https:\/\/www.rechenschwaeche-therapie.ch\/index.php\/wp-json\/wp\/v2\/media?parent=84"}],"curies":[{"name":"wp","href":"https:\/\/api.w.org\/{rel}","templated":true}]}}