{"id":63,"date":"2020-10-26T11:12:02","date_gmt":"2020-10-26T10:12:02","guid":{"rendered":"https:\/\/xn--rechenschwche-therapie-94b.ch\/?page_id=63"},"modified":"2022-01-23T09:40:35","modified_gmt":"2022-01-23T08:40:35","slug":"hilfe-bei-rechenschwierigkeiten-und-dyskalkulie","status":"publish","type":"page","link":"https:\/\/www.rechenschwaeche-therapie.ch\/","title":{"rendered":"Hilfe bei Rechenschwierigkeiten und Dyskalkulie"},"content":{"rendered":"\n<p><strong>Alles im <em>geheizten\/klimatisierten<\/em> VW-Bus, mit heller <em>Innenbeleuchtung<\/em>, bei Ihnen vor Ort durch erfahrene Lehrerin, Lerncoach<\/strong> <strong>und Therapeutin f\u00fcr Dyskalkulie<\/strong> <strong>(Rechenschw\u00e4che).<\/strong><\/p>\n\n\n\n<p><strong>F\u00fcr die Kinder\/ Jugendlichen und Erwachsenen eine motivierende Lernumgebung \u2013 F\u00fcr Sie eine Ersparnis an Weg und Zeit.<\/strong><\/p>\n\n\n\n<div class=\"wp-block-group\"><div class=\"wp-block-group__inner-container is-layout-flow wp-block-group-is-layout-flow\">\n<div class=\"wp-block-group\"><div class=\"wp-block-group__inner-container is-layout-flow wp-block-group-is-layout-flow\">\n<figure class=\"wp-block-gallery columns-3 is-cropped wp-block-gallery-1 is-layout-flex wp-block-gallery-is-layout-flex\"><ul class=\"blocks-gallery-grid\"><li class=\"blocks-gallery-item\"><figure><img loading=\"lazy\" decoding=\"async\" width=\"1024\" height=\"683\" src=\"https:\/\/www.rechenschwaeche-therapie.ch\/wp-content\/uploads\/2020\/10\/Coaching-Elternberatung-Nachhilfe-1-1024x683.jpg\" alt=\"\" data-id=\"59\" data-full-url=\"https:\/\/www.rechenschwaeche-therapie.ch\/wp-content\/uploads\/2020\/10\/Coaching-Elternberatung-Nachhilfe-1-scaled.jpg\" data-link=\"https:\/\/www.rechenschwaeche-therapie.ch\/coaching-elternberatung-nachhilfe-2\/\" class=\"wp-image-59\" srcset=\"https:\/\/www.rechenschwaeche-therapie.ch\/wp-content\/uploads\/2020\/10\/Coaching-Elternberatung-Nachhilfe-1-1024x683.jpg 1024w, https:\/\/www.rechenschwaeche-therapie.ch\/wp-content\/uploads\/2020\/10\/Coaching-Elternberatung-Nachhilfe-1-300x200.jpg 300w, https:\/\/www.rechenschwaeche-therapie.ch\/wp-content\/uploads\/2020\/10\/Coaching-Elternberatung-Nachhilfe-1-768x512.jpg 768w, https:\/\/www.rechenschwaeche-therapie.ch\/wp-content\/uploads\/2020\/10\/Coaching-Elternberatung-Nachhilfe-1-1536x1024.jpg 1536w, https:\/\/www.rechenschwaeche-therapie.ch\/wp-content\/uploads\/2020\/10\/Coaching-Elternberatung-Nachhilfe-1-2048x1366.jpg 2048w, https:\/\/www.rechenschwaeche-therapie.ch\/wp-content\/uploads\/2020\/10\/Coaching-Elternberatung-Nachhilfe-1-624x416.jpg 624w\" sizes=\"auto, (max-width: 1024px) 100vw, 1024px\" \/><\/figure><\/li><li class=\"blocks-gallery-item\"><figure><img loading=\"lazy\" decoding=\"async\" width=\"1024\" height=\"683\" src=\"https:\/\/www.rechenschwaeche-therapie.ch\/wp-content\/uploads\/2021\/10\/DSC_0330-1024x683.jpg\" alt=\"\" data-id=\"192\" data-full-url=\"https:\/\/www.rechenschwaeche-therapie.ch\/wp-content\/uploads\/2021\/10\/DSC_0330-scaled.jpg\" data-link=\"https:\/\/www.rechenschwaeche-therapie.ch\/dsc_0330\/\" class=\"wp-image-192\" srcset=\"https:\/\/www.rechenschwaeche-therapie.ch\/wp-content\/uploads\/2021\/10\/DSC_0330-1024x683.jpg 1024w, https:\/\/www.rechenschwaeche-therapie.ch\/wp-content\/uploads\/2021\/10\/DSC_0330-300x200.jpg 300w, https:\/\/www.rechenschwaeche-therapie.ch\/wp-content\/uploads\/2021\/10\/DSC_0330-768x512.jpg 768w, https:\/\/www.rechenschwaeche-therapie.ch\/wp-content\/uploads\/2021\/10\/DSC_0330-1536x1024.jpg 1536w, https:\/\/www.rechenschwaeche-therapie.ch\/wp-content\/uploads\/2021\/10\/DSC_0330-2048x1365.jpg 2048w, https:\/\/www.rechenschwaeche-therapie.ch\/wp-content\/uploads\/2021\/10\/DSC_0330-624x416.jpg 624w\" sizes=\"auto, (max-width: 1024px) 100vw, 1024px\" \/><\/figure><\/li><li class=\"blocks-gallery-item\"><figure><img loading=\"lazy\" decoding=\"async\" width=\"1024\" height=\"683\" src=\"https:\/\/www.rechenschwaeche-therapie.ch\/wp-content\/uploads\/2020\/10\/IMG_0078-Kopie-1024x683.jpg\" alt=\"\" data-id=\"61\" data-full-url=\"https:\/\/www.rechenschwaeche-therapie.ch\/wp-content\/uploads\/2020\/10\/IMG_0078-Kopie-scaled.jpg\" data-link=\"https:\/\/www.rechenschwaeche-therapie.ch\/img_0078-kopie\/\" class=\"wp-image-61\" srcset=\"https:\/\/www.rechenschwaeche-therapie.ch\/wp-content\/uploads\/2020\/10\/IMG_0078-Kopie-1024x683.jpg 1024w, https:\/\/www.rechenschwaeche-therapie.ch\/wp-content\/uploads\/2020\/10\/IMG_0078-Kopie-300x200.jpg 300w, https:\/\/www.rechenschwaeche-therapie.ch\/wp-content\/uploads\/2020\/10\/IMG_0078-Kopie-768x512.jpg 768w, https:\/\/www.rechenschwaeche-therapie.ch\/wp-content\/uploads\/2020\/10\/IMG_0078-Kopie-1536x1024.jpg 1536w, https:\/\/www.rechenschwaeche-therapie.ch\/wp-content\/uploads\/2020\/10\/IMG_0078-Kopie-2048x1365.jpg 2048w, https:\/\/www.rechenschwaeche-therapie.ch\/wp-content\/uploads\/2020\/10\/IMG_0078-Kopie-624x416.jpg 624w\" sizes=\"auto, (max-width: 1024px) 100vw, 1024px\" \/><\/figure><\/li><\/ul><\/figure>\n<\/div><\/div>\n<\/div><\/div>\n\n\n\n<p><strong>Lernerfolg ist ein Zusammenspiel aus Aufarbeiten von Wissensl\u00fccken\/Basiswissen (Verst\u00e4ndnis und Automatisation) sowie Elternberatung und Lerncoaching<\/strong><\/p>\n\n\n<p style=\"text-align: left;\">Ich biete ein systematisches Aufarbeiten des Mathematikverst\u00e4ndnisses bei einer <img loading=\"lazy\" decoding=\"async\" class=\" wp-image-196 alignright\" src=\"https:\/\/www.rechenschwaeche-therapie.ch\/wp-content\/uploads\/2021\/10\/I-cant-do-it-300x208.jpg\" alt=\"\" width=\"224\" height=\"155\" srcset=\"https:\/\/www.rechenschwaeche-therapie.ch\/wp-content\/uploads\/2021\/10\/I-cant-do-it-300x208.jpg 300w, https:\/\/www.rechenschwaeche-therapie.ch\/wp-content\/uploads\/2021\/10\/I-cant-do-it-1024x709.jpg 1024w, https:\/\/www.rechenschwaeche-therapie.ch\/wp-content\/uploads\/2021\/10\/I-cant-do-it-768x532.jpg 768w, https:\/\/www.rechenschwaeche-therapie.ch\/wp-content\/uploads\/2021\/10\/I-cant-do-it-1536x1063.jpg 1536w, https:\/\/www.rechenschwaeche-therapie.ch\/wp-content\/uploads\/2021\/10\/I-cant-do-it-2048x1417.jpg 2048w, https:\/\/www.rechenschwaeche-therapie.ch\/wp-content\/uploads\/2021\/10\/I-cant-do-it-624x432.jpg 624w\" sizes=\"auto, (max-width: 224px) 100vw, 224px\" \/>Rechenschw\u00e4che an. Mir liegen die Kinder\/Jugendlichen sehr am Herzen und es ist mir wichtig, dass sie pers\u00f6nliche Erfolgserlebnisse haben. Deshalb sind bei mir die Eltern immer ein wichtiges Puzzleteil. Sie werden von mir gecoacht, wie Sie zu Hause Ihr Kind\/Ihren Jugendlichen optimal weiterhin unterst\u00fctzen k\u00f6nnen.<\/p>\n\n\n<p><strong>Die gebuchten Stunden finden in meinem VW-Bus statt (mit leistungsstarker Standheizung und hellem Licht ausger\u00fcstet), mit welchem ich zu Ihnen vor Ort komme<\/strong>. F\u00fcr die Lernenden eine motivierende Lernumgebung, f\u00fcr Sie eine Ersparnis an Weg und Zeit!<\/p>\n\n\n\n<div class=\"wp-block-media-text alignwide is-stacked-on-mobile\" style=\"grid-template-columns:28% auto\"><figure class=\"wp-block-media-text__media\"><img decoding=\"async\" src=\"https:\/\/die-mobile-nachhilfe.ch\/wp-content\/uploads\/2019\/05\/4F8A9706-1024x1024.jpg\" alt=\"\" class=\"wp-image-786 size-full\"\/><\/figure><div class=\"wp-block-media-text__content\">\n<p style=\"font-size:14px\">Ich heisse Priska Berger, bin ausgebildete Lehrerin und Therapeutin f\u00fcr Dyskalkulie (Rechenschw\u00e4che) mit 20 Jahren Erfahrung an allen Stufen der Primarschule und seit Sommer 2020 als Therapeutin f\u00fcr Dyskalkulie. Durch meine ruhige und motivierende Art sowie durch meine optimistische Grundeinstellung, schaffe ich es jeweils schnell eine vertrauensvolle Beziehung zu den Kindern\/Jugendlichen und eine angenehme Lernatmosph\u00e4re herzustellen. Das sind die wichtigsten Voraussetzungen, damit die Kinder\/Jugendlichen sich aufs Lernen einlassen k\u00f6nnen. Ich arbeite mit Ihrem Kind an den (noch nicht verstandenen) Grundlagen der Mathematik und versuche bei ihm ein Verst\u00e4ndnis f\u00fcr die Zusammenh\u00e4nge der Zahlen sowie ein inneres Bild davon aufzubauen. Die Unterst\u00fctzung ist in jedem Fall individuell, pers\u00f6nlich und professionell.<\/p>\n<\/div><\/div>\n\n\n\n<p style=\"font-size:14px\">Melden Sie sich unverbindlich bei mir via\u00a0<a href=\"https:\/\/www.rechenschwaeche-therapie.ch\/index.php\/kontaktformular\/\" data-type=\"page\" data-id=\"90\">Kontaktformular<\/a>\u00a0oder SMS\/Whatsapp\/Anruf auf 076 514 66 04.<\/p>\n\n\n\n<p><\/p>\n","protected":false},"excerpt":{"rendered":"<p>Alles im geheizten\/klimatisierten VW-Bus, mit heller Innenbeleuchtung, bei Ihnen vor Ort durch erfahrene Lehrerin, Lerncoach und Therapeutin f\u00fcr Dyskalkulie (Rechenschw\u00e4che). F\u00fcr die Kinder\/ Jugendlichen und Erwachsenen eine motivierende Lernumgebung \u2013 F\u00fcr Sie eine Ersparnis an Weg und Zeit. Lernerfolg ist ein Zusammenspiel aus Aufarbeiten von Wissensl\u00fccken\/Basiswissen (Verst\u00e4ndnis und Automatisation) sowie Elternberatung und Lerncoaching Ich biete [&hellip;]<\/p>\n","protected":false},"author":1,"featured_media":0,"parent":0,"menu_order":0,"comment_status":"closed","ping_status":"closed","template":"","meta":{"footnotes":""},"class_list":["post-63","page","type-page","status-publish","hentry"],"_links":{"self":[{"href":"https:\/\/www.rechenschwaeche-therapie.ch\/index.php\/wp-json\/wp\/v2\/pages\/63","targetHints":{"allow":["GET"]}}],"collection":[{"href":"https:\/\/www.rechenschwaeche-therapie.ch\/index.php\/wp-json\/wp\/v2\/pages"}],"about":[{"href":"https:\/\/www.rechenschwaeche-therapie.ch\/index.php\/wp-json\/wp\/v2\/types\/page"}],"author":[{"embeddable":true,"href":"https:\/\/www.rechenschwaeche-therapie.ch\/index.php\/wp-json\/wp\/v2\/users\/1"}],"replies":[{"embeddable":true,"href":"https:\/\/www.rechenschwaeche-therapie.ch\/index.php\/wp-json\/wp\/v2\/comments?post=63"}],"version-history":[{"count":18,"href":"https:\/\/www.rechenschwaeche-therapie.ch\/index.php\/wp-json\/wp\/v2\/pages\/63\/revisions"}],"predecessor-version":[{"id":219,"href":"https:\/\/www.rechenschwaeche-therapie.ch\/index.php\/wp-json\/wp\/v2\/pages\/63\/revisions\/219"}],"wp:attachment":[{"href":"https:\/\/www.rechenschwaeche-therapie.ch\/index.php\/wp-json\/wp\/v2\/media?parent=63"}],"curies":[{"name":"wp","href":"https:\/\/api.w.org\/{rel}","templated":true}]}}