{"id":55,"date":"2020-10-17T12:57:57","date_gmt":"2020-10-17T11:57:57","guid":{"rendered":"https:\/\/xn--rechenschwche-therapie-94b.ch\/?page_id=55"},"modified":"2024-02-08T14:06:00","modified_gmt":"2024-02-08T13:06:00","slug":"ablauf-der-sitzungen","status":"publish","type":"page","link":"https:\/\/www.rechenschwaeche-therapie.ch\/index.php\/ablauf-der-sitzungen\/","title":{"rendered":"Ablauf der Sitzungen"},"content":{"rendered":"\n<p>Das erste Treffen findet immer mit einem Elternteil und dem Kind statt. Im ersten Teil (ca. 15 bis 30 Minuten) geht es darum, dass mich die Eltern und das Kind \u00fcber die, von Ihnen aus gesehenen, wichtigsten Punkte und die bisherige Schullaufbahn informieren k\u00f6nnen. Optimalerweise bringen Sie mir dabei auch Pr\u00fcfungen sowie Hefte und gel\u00f6ste Arbeitsbl\u00e4tter des KIndes mit. Zus\u00e4tzlich soll das Kind durch die Begleitung eines Elternteils gest\u00e4rkt werden. <\/p>\n\n\n\n<p>In einem zweiten Teil (die restliche Zeit von ca. 20 bis 35 Minuten) werde ich mit einer Rechenstandsanalyse beginnen, um den Wissenstand, die vorhandenen L\u00fccken und die Rechenwege des Kindes diagnostizieren zu k\u00f6nnen. F\u00fcr diese brauche ich im Schnitt den Rest der ersten Sitzung, sowie eine zweite Sitzung \u00e0 50 Minuten. Danach werde ich f\u00fcr das Kind einen F\u00f6rderplan erstellen, anhand welchem ich, zusammen mit dem Kind, an seinem mathematischen Verst\u00e4ndnis, seinen Rechenwegen sowie an der Automatisation arbeiten kann. Ich werde Sie gerne am Anfang der folgenden Sitzung \u00fcber die Rechenstandsanalyse, den F\u00f6rderplan sowie das weitere Vorgehen informieren. <\/p>\n\n\n\n<p>Danach werde ich einige Wochen mit dem Kind arbeiten und werde auch in dieser Zeit immer wieder diagnostisch arbeiten, um den F\u00f6rderplan m\u00f6glichst massgeschneidert Ihrem Kind anpassen zu k\u00f6nnen. Nach diesen ersten Wochen werde ich Sie einladen nochmals am Anfang einer Sitzung dabei zu sein, damit ich meine erste Eindr\u00fccke betreffend Lernfortschritte mit Ihnen teilen und dabei auch eine  grobe zeitliche Einsch\u00e4tzung der Therapiedauer  machen kann.<\/p>\n","protected":false},"excerpt":{"rendered":"<p>Das erste Treffen findet immer mit einem Elternteil und dem Kind statt. Im ersten Teil (ca. 15 bis 30 Minuten) geht es darum, dass mich die Eltern und das Kind \u00fcber die, von Ihnen aus gesehenen, wichtigsten Punkte und die bisherige Schullaufbahn informieren k\u00f6nnen. Optimalerweise bringen Sie mir dabei auch Pr\u00fcfungen sowie Hefte und gel\u00f6ste [&hellip;]<\/p>\n","protected":false},"author":1,"featured_media":0,"parent":0,"menu_order":0,"comment_status":"closed","ping_status":"closed","template":"","meta":{"footnotes":""},"class_list":["post-55","page","type-page","status-publish","hentry"],"_links":{"self":[{"href":"https:\/\/www.rechenschwaeche-therapie.ch\/index.php\/wp-json\/wp\/v2\/pages\/55","targetHints":{"allow":["GET"]}}],"collection":[{"href":"https:\/\/www.rechenschwaeche-therapie.ch\/index.php\/wp-json\/wp\/v2\/pages"}],"about":[{"href":"https:\/\/www.rechenschwaeche-therapie.ch\/index.php\/wp-json\/wp\/v2\/types\/page"}],"author":[{"embeddable":true,"href":"https:\/\/www.rechenschwaeche-therapie.ch\/index.php\/wp-json\/wp\/v2\/users\/1"}],"replies":[{"embeddable":true,"href":"https:\/\/www.rechenschwaeche-therapie.ch\/index.php\/wp-json\/wp\/v2\/comments?post=55"}],"version-history":[{"count":4,"href":"https:\/\/www.rechenschwaeche-therapie.ch\/index.php\/wp-json\/wp\/v2\/pages\/55\/revisions"}],"predecessor-version":[{"id":258,"href":"https:\/\/www.rechenschwaeche-therapie.ch\/index.php\/wp-json\/wp\/v2\/pages\/55\/revisions\/258"}],"wp:attachment":[{"href":"https:\/\/www.rechenschwaeche-therapie.ch\/index.php\/wp-json\/wp\/v2\/media?parent=55"}],"curies":[{"name":"wp","href":"https:\/\/api.w.org\/{rel}","templated":true}]}}