{"id":328,"date":"2024-11-19T14:39:27","date_gmt":"2024-11-19T13:39:27","guid":{"rendered":"https:\/\/www.rechenschwaeche-therapie.ch\/?page_id=328"},"modified":"2025-08-04T08:37:53","modified_gmt":"2025-08-04T07:37:53","slug":"weiterbildungen-fuer-eltern-und-lehrpersonen","status":"publish","type":"page","link":"https:\/\/www.rechenschwaeche-therapie.ch\/index.php\/weiterbildungen-fuer-eltern-und-lehrpersonen\/","title":{"rendered":"Weiterbildungen f\u00fcr Eltern und Lehrpersonen"},"content":{"rendered":"\n<p><strong>R\u00fcckmeldung der psychologischen<a href=\"https:\/\/www.praxis-laulima.ch\/\"> Praxis Laulima<\/a>, (Diagnostik, Psychotherapie und Lerncoaching), Z\u00fcrich, Mai 2025:<\/strong><br>&#8222;<em>Wir haben Priska im Rahmen einer internen Weiterbildung als ausgesprochen kompetente, engagierte und sympathische Fachperson kennengelernt.<\/em><br><em>Mit ihrem fundierten Wissen, ihrer Erfahrung als Lehrperson und Therapeutin sowie ihrer sp\u00fcrbaren Begeisterung f\u00fcr Mathematik und das Arbeiten mit Kindern hat sie uns sehr beeindruckt.<\/em><br><em>Sie war top vorbereitet, klar in der Kommunikation und gleichzeitig pers\u00f6nlich sehr zugewandt \u2013 fachlich wie menschlich eine echte Bereicherung. Wir k\u00f6nnen sie als Dyskalkulietherapeutin und Referentin uneingeschr\u00e4nkt empfehlen.<\/em>&#8222;<\/p>\n\n\n\n<p><strong>Interessieren Sie sich f\u00fcr eine Weiterbildung rund um das Thema Dyskalkulie?<\/strong><\/p>\n\n\n\n<p>Ich lade Sie herzlich ein, mich zu kontaktieren, wenn Sie als Lehrergruppe\/Leherteam, Elternverein\/Eltern oder Schulleitung mehr \u00fcber dieses wichtige Thema erfahren m\u00f6chten. Gemeinsam erarbeiten wir ein individuelles Konzept, das genau auf Ihre Bed\u00fcrfnisse zugeschnitten ist.<\/p>\n\n\n\n<p><strong>M\u00f6gliche Inhalte der Weiterbildung<\/strong><\/p>\n\n\n\n<ul class=\"wp-block-list\">\n<li><strong>Einf\u00fchrung in Dyskalkulie\/Rechenschw\u00e4che:<\/strong> Grundlagen und Hintergrundwissen<\/li>\n\n\n\n<li><strong>Diagnostik<\/strong>: Abkl\u00e4rung und Analyse von Dyskalkulie\/Rechenschw\u00e4che<\/li>\n\n\n\n<li><strong>Unterst\u00fctzungsm\u00f6glichkeiten<\/strong>: Massnahmen, Nachteilsausgleich und Therapieans\u00e4tze<\/li>\n\n\n\n<li><strong>Mathematische Entwicklung verstehen<\/strong>: Normale Entwicklungsprozesse und m\u00f6gliche Stolpersteine<\/li>\n\n\n\n<li><strong>F\u00f6rderplanung<\/strong> <strong>und praxisorientierte \u00dcbungen:<\/strong> Rechenstandsanalyse und konkrete F\u00f6rdermassnahmen<br><br><strong>Was k\u00f6nnen Sie erwarten?<\/strong><br><\/li>\n\n\n\n<li><strong>Individuelle Themenauswahl<\/strong>, die genau auf Ihre Fragen und Interessen eingeht<\/li>\n\n\n\n<li><strong>Flexible Gestaltung<\/strong> des zeitlichen Rahmens und der Gruppengr\u00f6sse<\/li>\n\n\n\n<li>Ein unverbindliches, <strong>massgeschneidertes Angebot<\/strong>, das wir gemeinsam abstimmen<\/li>\n<\/ul>\n\n\n\n<p>Nutzen Sie die Gelegenheit, wertvolles Know-how und praktische Tipps f\u00fcr den Umgang mit Dyskalkulie\/Rechenschw\u00e4che zu erhalten. Kontaktieren Sie mich einfach per E-Mail unter <strong><a href=\"http:\/\/info@rechenschw\u00e4che-therapie.ch\">info@rechenschw\u00e4che-therapie.ch<\/a><\/strong> oder \u00fcber das <a href=\"https:\/\/www.rechenschwaeche-therapie.ch\/index.php\/kontaktformular\/\" data-type=\"page\" data-id=\"90\">Kontaktformular<\/a> auf meiner Website.<\/p>\n\n\n\n<p>Ich freue mich darauf, Sie zu unterst\u00fctzen!<\/p>\n\n\n\n<p>&#8222;<em>Ich bin Primarlehrerin und gebe im Moment Nachhilfeunterricht zum Teil an Kindern mit einer Rechenschw\u00e4che. Deshalb habe ich mich f\u00fcr eine private Weiterbildung an Priska Berger gewandt. Priska hat mit ihren Inputs meine Erwartungen bei weitem \u00fcbertroffen. Sie hat ein sehr fundiertes, theoretisches Wissen. Gleichzeitig merkt man ihr an, dass sie jahrelange praktische Erfahrung mit\u00a0Kindern hat, die eine Rechenschw\u00e4che haben.\u00a0Ich habe f\u00fcr mich sehr wertvolle Tipps und Anregungen bekommen, die ich sofort in meinen Nachhilfestunden umsetzen kann. Ausserdem bin ich durch die Weiterbildung etwas achtsamer geworden worauf ich bei Kindern mit einer Rechenschw\u00e4che meinen Fokus legen muss und wie ich mir ein Bild \u00fcber ihren jeweiligen Lernstand machen kann. Auch bin ich extrem froh, um die professionellen Handouts, die mir Priska\u00a0abgegeben hat. Ich kann eine Weiterbildung bei Priska w\u00e4rmstens weiterempfehlen.<\/em>&#8222;<br><strong>Laura Butto<\/strong><\/p>\n\n\n\n<p><\/p>\n","protected":false},"excerpt":{"rendered":"<p>R\u00fcckmeldung der psychologischen Praxis Laulima, (Diagnostik, Psychotherapie und Lerncoaching), Z\u00fcrich, Mai 2025:&#8222;Wir haben Priska im Rahmen einer internen Weiterbildung als ausgesprochen kompetente, engagierte und sympathische Fachperson kennengelernt.Mit ihrem fundierten Wissen, ihrer Erfahrung als Lehrperson und Therapeutin sowie ihrer sp\u00fcrbaren Begeisterung f\u00fcr Mathematik und das Arbeiten mit Kindern hat sie uns sehr beeindruckt.Sie war top vorbereitet, [&hellip;]<\/p>\n","protected":false},"author":1,"featured_media":0,"parent":0,"menu_order":0,"comment_status":"closed","ping_status":"closed","template":"","meta":{"footnotes":""},"class_list":["post-328","page","type-page","status-publish","hentry"],"_links":{"self":[{"href":"https:\/\/www.rechenschwaeche-therapie.ch\/index.php\/wp-json\/wp\/v2\/pages\/328","targetHints":{"allow":["GET"]}}],"collection":[{"href":"https:\/\/www.rechenschwaeche-therapie.ch\/index.php\/wp-json\/wp\/v2\/pages"}],"about":[{"href":"https:\/\/www.rechenschwaeche-therapie.ch\/index.php\/wp-json\/wp\/v2\/types\/page"}],"author":[{"embeddable":true,"href":"https:\/\/www.rechenschwaeche-therapie.ch\/index.php\/wp-json\/wp\/v2\/users\/1"}],"replies":[{"embeddable":true,"href":"https:\/\/www.rechenschwaeche-therapie.ch\/index.php\/wp-json\/wp\/v2\/comments?post=328"}],"version-history":[{"count":11,"href":"https:\/\/www.rechenschwaeche-therapie.ch\/index.php\/wp-json\/wp\/v2\/pages\/328\/revisions"}],"predecessor-version":[{"id":387,"href":"https:\/\/www.rechenschwaeche-therapie.ch\/index.php\/wp-json\/wp\/v2\/pages\/328\/revisions\/387"}],"wp:attachment":[{"href":"https:\/\/www.rechenschwaeche-therapie.ch\/index.php\/wp-json\/wp\/v2\/media?parent=328"}],"curies":[{"name":"wp","href":"https:\/\/api.w.org\/{rel}","templated":true}]}}