{"id":275,"date":"2024-11-03T11:57:32","date_gmt":"2024-11-03T10:57:32","guid":{"rendered":"https:\/\/www.rechenschwaeche-therapie.ch\/?page_id=275"},"modified":"2024-11-19T14:48:40","modified_gmt":"2024-11-19T13:48:40","slug":"angebote","status":"publish","type":"page","link":"https:\/\/www.rechenschwaeche-therapie.ch\/index.php\/angebote\/","title":{"rendered":"Angebote"},"content":{"rendered":"\n<p><a href=\"https:\/\/www.rechenschwaeche-therapie.ch\/index.php\/sample-page\/\" data-type=\"page\" data-id=\"2\">Therapie<\/a><\/p>\n\n\n\n<p><a href=\"https:\/\/www.rechenschwaeche-therapie.ch\/index.php\/telefonische-beratung\/\" data-type=\"page\" data-id=\"282\">Telefonische Beratung<\/a><\/p>\n\n\n\n<p><a href=\"https:\/\/www.rechenschwaeche-therapie.ch\/index.php\/erklaerungs-und-uebungsvideos-2\/\" data-type=\"page\" data-id=\"289\">Erkl\u00e4rungs- und \u00dcbungsvideos<\/a><\/p>\n\n\n\n<p><a href=\"https:\/\/www.rechenschwaeche-therapie.ch\/index.php\/weiterbildungen-fuer-eltern-und-lehrpersonen\/\" data-type=\"page\" data-id=\"328\">Weiterbildungen f\u00fcr Eltern und Lehrpersonen<\/a><\/p>\n\n\n\n<p><\/p>\n","protected":false},"excerpt":{"rendered":"<p>Therapie Telefonische Beratung Erkl\u00e4rungs- und \u00dcbungsvideos Weiterbildungen f\u00fcr Eltern und Lehrpersonen<\/p>\n","protected":false},"author":1,"featured_media":0,"parent":0,"menu_order":0,"comment_status":"closed","ping_status":"closed","template":"","meta":{"footnotes":""},"class_list":["post-275","page","type-page","status-publish","hentry"],"_links":{"self":[{"href":"https:\/\/www.rechenschwaeche-therapie.ch\/index.php\/wp-json\/wp\/v2\/pages\/275","targetHints":{"allow":["GET"]}}],"collection":[{"href":"https:\/\/www.rechenschwaeche-therapie.ch\/index.php\/wp-json\/wp\/v2\/pages"}],"about":[{"href":"https:\/\/www.rechenschwaeche-therapie.ch\/index.php\/wp-json\/wp\/v2\/types\/page"}],"author":[{"embeddable":true,"href":"https:\/\/www.rechenschwaeche-therapie.ch\/index.php\/wp-json\/wp\/v2\/users\/1"}],"replies":[{"embeddable":true,"href":"https:\/\/www.rechenschwaeche-therapie.ch\/index.php\/wp-json\/wp\/v2\/comments?post=275"}],"version-history":[{"count":5,"href":"https:\/\/www.rechenschwaeche-therapie.ch\/index.php\/wp-json\/wp\/v2\/pages\/275\/revisions"}],"predecessor-version":[{"id":332,"href":"https:\/\/www.rechenschwaeche-therapie.ch\/index.php\/wp-json\/wp\/v2\/pages\/275\/revisions\/332"}],"wp:attachment":[{"href":"https:\/\/www.rechenschwaeche-therapie.ch\/index.php\/wp-json\/wp\/v2\/media?parent=275"}],"curies":[{"name":"wp","href":"https:\/\/api.w.org\/{rel}","templated":true}]}}