{"id":27,"date":"2020-10-15T20:44:40","date_gmt":"2020-10-15T19:44:40","guid":{"rendered":"https:\/\/xn--rechenschwche-therapie-94b.ch\/?page_id=27"},"modified":"2021-10-24T16:46:05","modified_gmt":"2021-10-24T15:46:05","slug":"persoenliches","status":"publish","type":"page","link":"https:\/\/www.rechenschwaeche-therapie.ch\/index.php\/persoenliches\/","title":{"rendered":"Pers\u00f6nliches"},"content":{"rendered":"\n<p>Ich bin verheiratet und Mutter von drei M\u00e4dchen (2004, 2006 und 2010). Alle drei meistern bis jetzt die Schule und Hausaufgaben fast ohne Schwierigkeiten und ich bin sehr dankbar daf\u00fcr, da ich aus eigener Erfahrung weiss, dass es auch ganz anders sein kann.<\/p>\n\n\n\n<p>Zu unserer Familie geh\u00f6ren auch noch zwei Hunde: ein grosser Labrador-Mischling und ein Chihuahua.<\/p>\n\n\n\n<figure class=\"wp-block-image\"><img decoding=\"async\" src=\"https:\/\/die-mobile-nachhilfe.ch\/wp-content\/uploads\/2018\/07\/IMG-20151012-WA0004-1024x576.jpg\" alt=\"\" class=\"wp-image-230\"\/><\/figure>\n\n\n\n<p>Ich f\u00fchle mich wohl in der Natur, liebe es neue Freizeitbesch\u00e4ftigungen auszuprobieren, treibe sehr gerne Sport und finde es motivierend und bereichernd mit Kindern zu arbeiten.<\/p>\n\n\n\n<p>Neben dem Unterrichten hatte ich auch ehrenamtlich immer wieder mit Kindern zu tun: Als Pfadileiterin, Klassenlagerbegleiterin, Organisatorin des Mitspielzirkus Pipistrello f\u00fcr den Familienclub, ehrenamtliche Betreuerin eines minderj\u00e4hrigen, unbegleiteten, asylsuchenden M\u00e4dchen sowie als Meitliriegeleiterin.<\/p>\n\n\n\n<p><strong>Entstehung der mobilen Unterst\u00fctzung bei Rechenschw\u00e4che\/Dyskalkulie<\/strong><\/p>\n\n\n\n<p>Die Idee zur \u201emobilen Therapie bei Rechenschw\u00e4che und Dyskalkulie\u201c ist \u00fcber viele Monate entstanden und gewachsen, unter anderem auch durch eine Menge intensiver Gespr\u00e4che mit Lehrerkolleginnen, Therapeuten, Psychologen und befreundeten M\u00fcttern.<\/p>\n\n\n\n<p><strong>Die Unterst\u00fctzung vor Ort<\/strong><br>Die meisten Eltern wollen das Bestm\u00f6glichste f\u00fcr ihr Kind, haben aber aus organisatorischen und zeitlichen Gr\u00fcnden oft nicht die M\u00f6glichkeit mit ihrem Kind jede Woche irgendwo hin und und eine knappe Stunde danach wieder zur\u00fcckzufahren. Und auch f\u00fcr die Kinder selber sollte aus Motivationsgr\u00fcnden nicht ein ganzer freier Nachmittag f\u00fcr eine Lernunterst\u00fctzung, eine Therapie bzw. f\u00fcr ein Lerncoaching  geopfert werden. Deshalb wollte ich die Unterst\u00fctzung zu den Kindern und deren Eltern bringen und mir kam die Idee mit der \u201emobilen Therapie bei Rechenschw\u00e4che und Dyskalkulie\u201c. Es kann im VW-Bus oder bei sch\u00f6nem Wetter neben dem VW-Bus unter der schattenspendenden Markise ge\u00fcbt, gelernt, diskutiert und automatisiert werden. Der Bus kann am Waldrand oder nahe bei der Schule stehen, je nach pers\u00f6nlichen W\u00fcnschen. Der Lernort ist f\u00fcr das Kind und die Eltern unbelastet, ungew\u00f6hnlich und zus\u00e4tzlich motivierend.<\/p>\n\n\n\n<p><strong>\u2026es geht los\u2026<\/strong><br>Viele Stunden wurden von mir begeistert in die Vorbereitung der \u201emobilen Unterst\u00fctzung\u201c investiert. Seit Fr\u00fchling 2020 bin ich nun bereit, um Ihr Kind vor Ort bei einer Rechenschw\u00e4che oder Dyskalkulie zu unterst\u00fctzen.<\/p>\n\n\n\n<p>Gerne d\u00fcrfen Sie sich unverbindlich bei mir melden, damit wir besprechen k\u00f6nnen, ob ich Ihnen und Ihrem Kind weiterhelfen kann. <\/p>\n\n\n\n<p>Viel Erfolg und alles Gute<br>Priska Berger<\/p>\n\n\n\n<p><a href=\"https:\/\/www.rechenschwaeche-therapie.ch\/index.php\/leitsaetze-und-grundeinstellung\/\" data-type=\"page\" data-id=\"111\">Hier<\/a> finden Sie meine pers\u00f6nliche Grundeinstellung sowie meine Leits\u00e4tze.<\/p>\n","protected":false},"excerpt":{"rendered":"<p>Ich bin verheiratet und Mutter von drei M\u00e4dchen (2004, 2006 und 2010). Alle drei meistern bis jetzt die Schule und Hausaufgaben fast ohne Schwierigkeiten und ich bin sehr dankbar daf\u00fcr, da ich aus eigener Erfahrung weiss, dass es auch ganz anders sein kann. Zu unserer Familie geh\u00f6ren auch noch zwei Hunde: ein grosser Labrador-Mischling und [&hellip;]<\/p>\n","protected":false},"author":1,"featured_media":0,"parent":0,"menu_order":0,"comment_status":"closed","ping_status":"closed","template":"","meta":{"footnotes":""},"class_list":["post-27","page","type-page","status-publish","hentry"],"_links":{"self":[{"href":"https:\/\/www.rechenschwaeche-therapie.ch\/index.php\/wp-json\/wp\/v2\/pages\/27","targetHints":{"allow":["GET"]}}],"collection":[{"href":"https:\/\/www.rechenschwaeche-therapie.ch\/index.php\/wp-json\/wp\/v2\/pages"}],"about":[{"href":"https:\/\/www.rechenschwaeche-therapie.ch\/index.php\/wp-json\/wp\/v2\/types\/page"}],"author":[{"embeddable":true,"href":"https:\/\/www.rechenschwaeche-therapie.ch\/index.php\/wp-json\/wp\/v2\/users\/1"}],"replies":[{"embeddable":true,"href":"https:\/\/www.rechenschwaeche-therapie.ch\/index.php\/wp-json\/wp\/v2\/comments?post=27"}],"version-history":[{"count":4,"href":"https:\/\/www.rechenschwaeche-therapie.ch\/index.php\/wp-json\/wp\/v2\/pages\/27\/revisions"}],"predecessor-version":[{"id":206,"href":"https:\/\/www.rechenschwaeche-therapie.ch\/index.php\/wp-json\/wp\/v2\/pages\/27\/revisions\/206"}],"wp:attachment":[{"href":"https:\/\/www.rechenschwaeche-therapie.ch\/index.php\/wp-json\/wp\/v2\/media?parent=27"}],"curies":[{"name":"wp","href":"https:\/\/api.w.org\/{rel}","templated":true}]}}