{"id":2,"date":"2020-10-14T12:06:53","date_gmt":"2020-10-14T12:06:53","guid":{"rendered":"https:\/\/xn--rechenschwche-therapie-94b.ch\/?page_id=2"},"modified":"2021-01-16T15:34:14","modified_gmt":"2021-01-16T14:34:14","slug":"sample-page","status":"publish","type":"page","link":"https:\/\/www.rechenschwaeche-therapie.ch\/index.php\/sample-page\/","title":{"rendered":"Unterst\u00fctzung bei Rechenschw\u00e4che \/ Dyskalkulie im VW-Bus vor Ort"},"content":{"rendered":"\n<div class=\"wp-block-columns is-layout-flex wp-container-core-columns-is-layout-9d6595d7 wp-block-columns-is-layout-flex\">\n<div class=\"wp-block-column is-layout-flow wp-block-column-is-layout-flow\" style=\"flex-basis:100%\">\n<p><a href=\"https:\/\/www.rechenschwaeche-therapie.ch\/index.php\/orte-termine-und-konditionen\/\" data-type=\"page\" data-id=\"40\" data-rich-text-format-boundary=\"true\">Konditionen\/Preise<\/a> \u00a0\u00a0\u00a0\u00a0\u00a0\u00a0\u00a0\u00a0\u00a0\u00a0\u00a0\u00a0\u00a0\u00a0\u00a0\u00a0\u00a0\u00a0\u00a0 <a href=\"https:\/\/www.rechenschwaeche-therapie.ch\/index.php\/fragen\/\" data-type=\"page\" data-id=\"120\" data-rich-text-format-boundary=\"true\">Fragen zu Dyskalkulie<\/a><\/p>\n<\/div>\n<\/div>\n\n\n\n<p>Viele Kinder, welche \u00fcber einen l\u00e4ngeren Zeitraum Schwierigkeiten in der Mathematik haben und \u00fcber die Schuljahre immer schw\u00e4cher zu werden scheinen, haben meistens die Grundfertigkeiten in der Mathematik zu wenig verstanden und\/oder zu wenig automatisiert. Arbeitet man mit ihnen nur am aktuellen Schulstoff, bedeutet das f\u00fcr die Kinder einen grossen Aufwand mit m\u00e4ssigem Erfolg, da sie immer wieder \u00fcber ihre L\u00fccken stolpern und das Gelernte immer wieder zu vergessen scheinen.<\/p>\n\n\n\n<div class=\"wp-block-media-text alignwide is-stacked-on-mobile\"><figure class=\"wp-block-media-text__media\"><img decoding=\"async\" src=\"https:\/\/die-mobile-nachhilfe.ch\/wp-content\/uploads\/2019\/11\/Bild-Schere-shutterstock_369632525-1024x709.jpg\" alt=\"\" class=\"wp-image-879 size-full\"\/><\/figure><div class=\"wp-block-media-text__content\">\n<p class=\"has-large-font-size\"><\/p>\n<\/div><\/div>\n\n\n\n<p>Bei einer st\u00e4rker ausgepr\u00e4gten Rechenschw\u00e4che spricht man von einer sogenannten Dyskalkulie. M\u00f6gliche Anzeichen daf\u00fcr k\u00f6nnen folgende Symptome sein:<br><br>\u2013 Viele Aufgaben werden an den Fingern abgez\u00e4hlt (auch heimlich)<br>\u2013 Der Zehner\u00fcbergang wird z\u00e4hlend bew\u00e4ltigt (8 + 7 = 9,10,11\u202615)<br>\u2013 F\u00fcr Mathematikaufgaben braucht das Kind viel Zeit<br>\u2013 Man hat den Eindruck, das Kind mache viele Fl\u00fcchtigkeitsfehler und konzentriere sich schlecht<br>\u2013 Beim Rechnen erm\u00fcdet das Kind schnell<br>\u2013 Einer und Zehner werden immer wieder verwechselt<br>\u2013 Das Kind verwechselt immer wieder plus und minus<br>\u2013 Es hat grosse Probleme im Kopfrechnen<br>\u2013 Es macht im Rechnen unerkl\u00e4rliche Fehler<br>\u2013 Die Ergebnisse bei Textaufgaben sind zum Teil \u201ev\u00f6llig daneben\u201c<br>\u2013 Fehler im Zusammenhang mit der Null (6+0=0; 5\u00d70=5 etc.)<br>\u2013 Das Kind braucht bei den Hausaufgaben im Rechnen regelm\u00e4ssig Hilfe<br>\u2013 Gelerntes wird schnell wieder vergessen<br>\u2013 Das Kind vergisst Zwischenresultate und muss von vorne beginnen<br>\u2013 usw.<\/p>\n\n\n\n<p>Falls Sie sich Sorgen machen, dass Ihr Kind eine Rechenschw\u00e4che hat, f\u00fchre ich mit Ihrem Kind gerne eine Rechenstandsanalyse (und bei Bedarf einen Diagnostik-Test) durch um abzukl\u00e4ren wo es Wissensl\u00fccken\/Verst\u00e4ndnisschwierigkeiten hat und was von den Grundfertigkeiten noch nicht automatisiert ist. Nach einem Auswertungsgespr\u00e4ch werde ich auf Ihren Wunsch einen F\u00f6rderplan erstellen und mit Ihrem Kind genau dort am Verst\u00e4ndnis und der Automatisation arbeiten, wo Ihr Kind die ersten L\u00fccken hat. Systematisch werden wir gemeinsam das Verst\u00e4ndnis, die Rechenwege und die Automatisation aufarbeiten. Meistens dauert eine Rechentherapie zwischen einigen Monaten und 1.5 Jahren.<\/p>\n\n\n\n<figure class=\"wp-block-image is-resized\"><img loading=\"lazy\" decoding=\"async\" src=\"https:\/\/die-mobile-nachhilfe.ch\/wp-content\/uploads\/2019\/11\/shutterstock_557070520-1024x683.jpg\" alt=\"\" class=\"wp-image-881\" width=\"306\" height=\"203\"\/><\/figure>\n\n\n\n<p>Eine Unterst\u00fctzung bei Rechenschw\u00e4che sollte ganzheitlich sein, d.h. neben dem Aufbau eines Fundaments im Rechnen werde ich auch die psychologische und soziale Seite miteinbeziehen, das Arbeits- und Lernverhalten des Kindes f\u00f6rdern, Mut machen und das Selbstvertrauen steigern sowie \u00c4ngste abbauen.<\/p>\n\n\n\n<p>Der Unterricht findet in pers\u00f6nlicher, vertrauensvoller 1:1-Situation&nbsp;sowie in&nbsp;motivierender Lernumgebung im modernen VW-Bus&nbsp;vor Ort statt.&nbsp;Damit Ihr Kind, sowie auch Sie, m\u00f6glichst wenig Zeit f\u00fcr den zus\u00e4tzlichen Unterricht aufwenden m\u00fcssen, komme ich mit dem VW-Bus in Ihr Dorf.<\/p>\n\n\n\n<blockquote class=\"wp-block-quote is-layout-flow wp-block-quote-is-layout-flow\"><p><\/p><\/blockquote>\n\n\n\n<p><\/p>\n","protected":false},"excerpt":{"rendered":"<p>Konditionen\/Preise \u00a0\u00a0\u00a0\u00a0\u00a0\u00a0\u00a0\u00a0\u00a0\u00a0\u00a0\u00a0\u00a0\u00a0\u00a0\u00a0\u00a0\u00a0\u00a0 Fragen zu Dyskalkulie Viele Kinder, welche \u00fcber einen l\u00e4ngeren Zeitraum Schwierigkeiten in der Mathematik haben und \u00fcber die Schuljahre immer schw\u00e4cher zu werden scheinen, haben meistens die Grundfertigkeiten in der Mathematik zu wenig verstanden und\/oder zu wenig automatisiert. Arbeitet man mit ihnen nur am aktuellen Schulstoff, bedeutet das f\u00fcr die Kinder einen grossen [&hellip;]<\/p>\n","protected":false},"author":1,"featured_media":0,"parent":0,"menu_order":0,"comment_status":"closed","ping_status":"open","template":"page-templates\/full-width.php","meta":{"footnotes":""},"class_list":["post-2","page","type-page","status-publish","hentry"],"_links":{"self":[{"href":"https:\/\/www.rechenschwaeche-therapie.ch\/index.php\/wp-json\/wp\/v2\/pages\/2","targetHints":{"allow":["GET"]}}],"collection":[{"href":"https:\/\/www.rechenschwaeche-therapie.ch\/index.php\/wp-json\/wp\/v2\/pages"}],"about":[{"href":"https:\/\/www.rechenschwaeche-therapie.ch\/index.php\/wp-json\/wp\/v2\/types\/page"}],"author":[{"embeddable":true,"href":"https:\/\/www.rechenschwaeche-therapie.ch\/index.php\/wp-json\/wp\/v2\/users\/1"}],"replies":[{"embeddable":true,"href":"https:\/\/www.rechenschwaeche-therapie.ch\/index.php\/wp-json\/wp\/v2\/comments?post=2"}],"version-history":[{"count":11,"href":"https:\/\/www.rechenschwaeche-therapie.ch\/index.php\/wp-json\/wp\/v2\/pages\/2\/revisions"}],"predecessor-version":[{"id":157,"href":"https:\/\/www.rechenschwaeche-therapie.ch\/index.php\/wp-json\/wp\/v2\/pages\/2\/revisions\/157"}],"wp:attachment":[{"href":"https:\/\/www.rechenschwaeche-therapie.ch\/index.php\/wp-json\/wp\/v2\/media?parent=2"}],"curies":[{"name":"wp","href":"https:\/\/api.w.org\/{rel}","templated":true}]}}