{"id":111,"date":"2020-10-28T22:10:33","date_gmt":"2020-10-28T21:10:33","guid":{"rendered":"https:\/\/xn--rechenschwche-therapie-94b.ch\/?page_id=111"},"modified":"2020-10-28T22:10:33","modified_gmt":"2020-10-28T21:10:33","slug":"leitsaetze-und-grundeinstellung","status":"publish","type":"page","link":"https:\/\/www.rechenschwaeche-therapie.ch\/index.php\/leitsaetze-und-grundeinstellung\/","title":{"rendered":"Leits\u00e4tze und Grundeinstellung"},"content":{"rendered":"\n<p>\u201eKinder sind keine F\u00e4sser, die gef\u00fcllt, sondern Feuer, die angez\u00fcndet werden wollen.\u201c Rabelais<\/p>\n\n\n\n<p>\u201eEin Lehrer ist ein guter Lehrer, wenn er die Kunst besitzt, dem Sch\u00fcler Freude am Stoff bei zu bringen.\u201c Albert Einstein<\/p>\n\n\n\n<p>\u201eDie Wertsch\u00e4tzung von Vielfalt bedeutet ohne Angst verschieden sein zu k\u00f6nnen.\u201c Theodor W. Adorno, Philosoph und Soziologe<\/p>\n\n\n\n<p>\u201eDas Gras w\u00e4chst nicht schneller, wenn man daran zieht.\u201c Afrikanisches Sprichwort<\/p>\n\n\n\n<p>\u201eWenn es keine Fragen gibt, gibt es keine Antworten.\u201c John Cage<\/p>\n\n\n\n<p>\u201e\u2026.Eltern und Lehrpersonen m\u00f6chte ich vermitteln, dass es neben wirksamen Lernstrategien f\u00fcr ein erfolgreiches Lernen vor allem auf ein gute Beziehung ankommt, die von Verst\u00e4ndnis, Wertsch\u00e4tzung, Interesse, Vertrauen, aber auch klaren Erwartungen gepr\u00e4gt ist\u2026..\u201c Fabian Grolimund<\/p>\n","protected":false},"excerpt":{"rendered":"<p>\u201eKinder sind keine F\u00e4sser, die gef\u00fcllt, sondern Feuer, die angez\u00fcndet werden wollen.\u201c Rabelais \u201eEin Lehrer ist ein guter Lehrer, wenn er die Kunst besitzt, dem Sch\u00fcler Freude am Stoff bei zu bringen.\u201c Albert Einstein \u201eDie Wertsch\u00e4tzung von Vielfalt bedeutet ohne Angst verschieden sein zu k\u00f6nnen.\u201c Theodor W. Adorno, Philosoph und Soziologe \u201eDas Gras w\u00e4chst nicht [&hellip;]<\/p>\n","protected":false},"author":1,"featured_media":0,"parent":0,"menu_order":0,"comment_status":"closed","ping_status":"closed","template":"","meta":{"footnotes":""},"class_list":["post-111","page","type-page","status-publish","hentry"],"_links":{"self":[{"href":"https:\/\/www.rechenschwaeche-therapie.ch\/index.php\/wp-json\/wp\/v2\/pages\/111","targetHints":{"allow":["GET"]}}],"collection":[{"href":"https:\/\/www.rechenschwaeche-therapie.ch\/index.php\/wp-json\/wp\/v2\/pages"}],"about":[{"href":"https:\/\/www.rechenschwaeche-therapie.ch\/index.php\/wp-json\/wp\/v2\/types\/page"}],"author":[{"embeddable":true,"href":"https:\/\/www.rechenschwaeche-therapie.ch\/index.php\/wp-json\/wp\/v2\/users\/1"}],"replies":[{"embeddable":true,"href":"https:\/\/www.rechenschwaeche-therapie.ch\/index.php\/wp-json\/wp\/v2\/comments?post=111"}],"version-history":[{"count":1,"href":"https:\/\/www.rechenschwaeche-therapie.ch\/index.php\/wp-json\/wp\/v2\/pages\/111\/revisions"}],"predecessor-version":[{"id":112,"href":"https:\/\/www.rechenschwaeche-therapie.ch\/index.php\/wp-json\/wp\/v2\/pages\/111\/revisions\/112"}],"wp:attachment":[{"href":"https:\/\/www.rechenschwaeche-therapie.ch\/index.php\/wp-json\/wp\/v2\/media?parent=111"}],"curies":[{"name":"wp","href":"https:\/\/api.w.org\/{rel}","templated":true}]}}